{"id":92,"date":"2020-03-09T20:41:39","date_gmt":"2020-03-09T20:41:39","guid":{"rendered":"https:\/\/www.econofoods.com\/?page_id=92"},"modified":"2020-03-09T20:41:39","modified_gmt":"2020-03-09T20:41:39","slug":"our-brands","status":"publish","type":"page","link":"https:\/\/www.omahasupermercado.com\/es\/our-brands\/","title":{"rendered":"Nuestras marcas"},"content":{"rendered":"<div id='av-layout-grid-1'  class='av-layout-grid-container av-56v17-5f963112dbe392aa6c1a109bd76304d9 entry-content-wrapper main_color av-flex-cells  avia-builder-el-0  el_before_av_layout_row  avia-builder-el-first   container_wrap sidebar_right'  >\n\n<style type=\"text\/css\" data-created_by=\"avia_inline_auto\" id=\"style-css-av-k26ics3s-dcaa1848a2776f414b020ea94784a0a0\">\n.flex_cell.av-k26ics3s-dcaa1848a2776f414b020ea94784a0a0{\nvertical-align:top;\nbackground:url(https:\/\/www.omahasupermercado.com\/wp-content\/uploads\/2019\/10\/wtof-bag-800x800-1.jpg) 50% 100% no-repeat scroll ;\n}\n.responsive #top #wrap_all .flex_cell.av-k26ics3s-dcaa1848a2776f414b020ea94784a0a0{\npadding:0px 0px 0px 0px !important;\n}\n<\/style>\n<div class='flex_cell av-k26ics3s-dcaa1848a2776f414b020ea94784a0a0 av-gridrow-cell av_one_half no_margin  avia-builder-el-1  el_before_av_cell_one_half  avia-builder-el-first  av-zero-padding avia-full-stretch' ><div class='flex_cell_inner'><\/div><\/div><div class='flex_cell av-4qhzn-9f92dff653210221d2f445e0a5e17f2d av-gridrow-cell av_one_half no_margin  avia-builder-el-2  el_after_av_cell_one_half  avia-builder-el-last' ><div class='flex_cell_inner'><p>\n<style type=\"text\/css\" data-created_by=\"avia_inline_auto\" id=\"style-css-av-k73rm86e-ea9015e66067eaf8a8edc38a5885b364\">\n#top .av-special-heading.av-k73rm86e-ea9015e66067eaf8a8edc38a5885b364{\npadding-bottom:10px;\n}\nbody .av-special-heading.av-k73rm86e-ea9015e66067eaf8a8edc38a5885b364 .av-special-heading-tag .heading-char{\nfont-size:25px;\n}\n.av-special-heading.av-k73rm86e-ea9015e66067eaf8a8edc38a5885b364 .av-subheading{\nfont-size:15px;\n}\n<\/style>\n<div  class='av-special-heading av-k73rm86e-ea9015e66067eaf8a8edc38a5885b364 av-special-heading-h1  avia-builder-el-3  el_before_av_textblock  avia-builder-el-first'><h1 class='av-special-heading-tag'  itemprop=\"headline\"  >Nuestra marca familiar<\/h1><div class=\"special-heading-border\"><div class=\"special-heading-inner-border\"><\/div><\/div><\/div><br \/>\n<section  class='av_textblock_section av-k26iipub-cac550670bc830989465eb4b49d8f285'  itemscope=\"itemscope\" itemtype=\"https:\/\/schema.org\/CreativeWork\" ><div class='avia_textblock'  itemprop=\"text\" ><p>Una experiencia de compra basada en el valor siempre ha sido importante para nuestros clientes. Nos enorgullece anunciar la introducci\u00f3n de una nueva marca en nuestras estanter\u00edas: Our Family.\u00a0\u00a0<wbr ><\/wbr>La marca Nuestra Familia respalda plenamente nuestro compromiso con el valor y la calidad que usted exige.<\/p>\n<\/div><\/section><br \/>\n<div  class='avia-button-wrap av-k26j6fcx-5d7ede7f4c42935f36e999f5990f560b-wrap avia-button-center'><a href='https:\/\/www.ourfamilyfoods.com' class='avia-button av-k26j6fcx-5d7ede7f4c42935f36e999f5990f560b avia-icon_select-no avia-size-x-large avia-position-center avia-color-theme-color' target=\"_blank\" rel=\"noopener noreferrer\"><span class='avia_iconbox_title' >Visite el sitio web de Nuestra Familia<\/span><\/a><\/div><\/p>\n<\/div><\/div>\n<\/div>\n<div id='av-layout-grid-2'  class='av-layout-grid-container av-446lf-3369bd1dae6e1420e1e8590bd4bff766 entry-content-wrapper main_color av-flex-cells  avia-builder-el-5  el_after_av_layout_row  el_before_av_layout_row  grid-row-not-first  container_wrap sidebar_right'  >\n<div class='flex_cell av-37bsv-893b89231a0062d520d1908bb2fdd48a av-gridrow-cell av_one_half no_margin  avia-builder-el-6  el_before_av_cell_one_half  avia-builder-el-first' ><div class='flex_cell_inner'><p>\n<style type=\"text\/css\" data-created_by=\"avia_inline_auto\" id=\"style-css-av-k73rmfro-b4b1622a6bcc9a7c5df1cbd66d376347\">\n#top .av-special-heading.av-k73rmfro-b4b1622a6bcc9a7c5df1cbd66d376347{\npadding-bottom:10px;\n}\nbody .av-special-heading.av-k73rmfro-b4b1622a6bcc9a7c5df1cbd66d376347 .av-special-heading-tag .heading-char{\nfont-size:25px;\n}\n.av-special-heading.av-k73rmfro-b4b1622a6bcc9a7c5df1cbd66d376347 .av-subheading{\nfont-size:15px;\n}\n<\/style>\n<div  class='av-special-heading av-k73rmfro-b4b1622a6bcc9a7c5df1cbd66d376347 av-special-heading-h2  avia-builder-el-7  el_before_av_textblock  avia-builder-el-first'><h2 class='av-special-heading-tag'  itemprop=\"headline\"  >Nuestra familia... aqu\u00ed para la suya<\/h2><div class=\"special-heading-border\"><div class=\"special-heading-inner-border\"><\/div><\/div><\/div><br \/>\n<section  class='av_textblock_section av-k26iipub-cac550670bc830989465eb4b49d8f285'  itemscope=\"itemscope\" itemtype=\"https:\/\/schema.org\/CreativeWork\" ><div class='avia_textblock'  itemprop=\"text\" ><ul>\n<li>Una marca de calidad consolidada desde 1904.<\/li>\n<li>Una f\u00e9rrea garant\u00eda de satisfacci\u00f3n PLUS.\u00a0\u00a0<wbr ><\/wbr>Si no est\u00e1 completamente satisfecho, le reembolsaremos el precio de compra M\u00c1S la sustituci\u00f3n por una marca de su elecci\u00f3n.<\/li>\n<li>Calidad de marca nacional a mejor precio.<\/li>\n<li>M\u00e1s variedad y nuevos art\u00edculos.<\/li>\n<li>Rebajas de temporada.<\/li>\n<li>Las compras de nuestra marca familiar ayudar\u00e1n a mantener nuestras escuelas y organizaciones locales sin \u00e1nimo de lucro.<\/li>\n<\/ul>\n<\/div><\/section><\/p>\n<\/div><\/div>\n<style type=\"text\/css\" data-created_by=\"avia_inline_auto\" id=\"style-css-av-k26ijh0v-4183706dfdb05d4161d7a224e44c51f3\">\n.flex_cell.av-k26ijh0v-4183706dfdb05d4161d7a224e44c51f3{\nvertical-align:top;\nbackground:url(https:\/\/www.omahasupermercado.com\/wp-content\/uploads\/2019\/10\/wtof-dinner-800x800-1.jpg) 50% 50% no-repeat scroll ;\n}\n.responsive #top #wrap_all .flex_cell.av-k26ijh0v-4183706dfdb05d4161d7a224e44c51f3{\npadding:0px 0px 0px 0px !important;\n}\n<\/style>\n<div class='flex_cell av-k26ijh0v-4183706dfdb05d4161d7a224e44c51f3 av-gridrow-cell av_one_half no_margin av-zero-padding avia-full-stretch' ><div class='flex_cell_inner'><\/div><\/div>\n<\/div>\n<\/div><\/div><\/div><!-- close content main div --><\/div><\/div><div id='av-layout-grid-3'  class='av-layout-grid-container av-2vwm3-10ae1ed84a22cc5368e34b9fa74f4708 entry-content-wrapper main_color av-flex-cells  container_wrap sidebar_right'  >\n\n<style type=\"text\/css\" data-created_by=\"avia_inline_auto\" id=\"style-css-av-k26ics3s-7af91d981a8eacc5df50874619681410\">\n.flex_cell.av-k26ics3s-7af91d981a8eacc5df50874619681410{\nvertical-align:top;\nbackground:url(https:\/\/www.omahasupermercado.com\/wp-content\/uploads\/2019\/10\/wtof-qg-800x800-1.jpg) 50% 50% no-repeat scroll ;\n}\n.responsive #top #wrap_all .flex_cell.av-k26ics3s-7af91d981a8eacc5df50874619681410{\npadding:0px 0px 0px 0px !important;\n}\n<\/style>\n<div class='flex_cell av-k26ics3s-7af91d981a8eacc5df50874619681410 av-gridrow-cell av_one_half no_margin av-zero-padding avia-full-stretch' ><div class='flex_cell_inner'><\/div><\/div><div class='flex_cell av-1xrdb-ebcfde3d11839c43f87dddca52d8fafa av-gridrow-cell av_one_half no_margin' ><div class='flex_cell_inner'><p>\n<style type=\"text\/css\" data-created_by=\"avia_inline_auto\" id=\"style-css-av-k73rmo5q-5afcbd096d85d8cd51a50fe7e794e488\">\n#top .av-special-heading.av-k73rmo5q-5afcbd096d85d8cd51a50fe7e794e488{\npadding-bottom:10px;\n}\nbody .av-special-heading.av-k73rmo5q-5afcbd096d85d8cd51a50fe7e794e488 .av-special-heading-tag .heading-char{\nfont-size:25px;\n}\n.av-special-heading.av-k73rmo5q-5afcbd096d85d8cd51a50fe7e794e488 .av-subheading{\nfont-size:15px;\n}\n<\/style>\n<div  class='av-special-heading av-k73rmo5q-5afcbd096d85d8cd51a50fe7e794e488 av-special-heading-h2'><h2 class='av-special-heading-tag'  itemprop=\"headline\"  >La garant\u00eda de calidad de Nuestra Familia<\/h2><div class=\"special-heading-border\"><div class=\"special-heading-inner-border\"><\/div><\/div><\/div><br \/>\n<section  class='av_textblock_section av-k26iipub-cac550670bc830989465eb4b49d8f285'  itemscope=\"itemscope\" itemtype=\"https:\/\/schema.org\/CreativeWork\" ><div class='avia_textblock'  itemprop=\"text\" ><p>Each and every Our Family item is backed with the\u00a0<a href=\"http:\/\/www.ourfamilyfoods.com\/quality-guarantee\/\" target=\"_blank\" rel=\"noopener noreferrer\">Nuestra garant\u00eda de calidad familiar<\/a>, so you can buy products with complete confidence. If you aren\u2019t happy with any product, we will gladly replace it with another item from the brand of your choice and refund your money. Your complete satisfaction is our goal.<\/p>\n<\/div><\/section><\/p>\n<\/div><\/div>\n<\/div>\n<\/div><\/div><\/div><!-- close content main div --><\/div><\/div><div id='av-layout-grid-4'  class='av-layout-grid-container av-4idf-556f4f391d36b26a31abdb48fc8a745f entry-content-wrapper main_color av-flex-cells  container_wrap sidebar_right'  >\n<div class='flex_cell av-tpgz-eb6801387c1da960f5602235ec97eacb av-gridrow-cell av_one_half no_margin' ><div class='flex_cell_inner'><p>\n<style type=\"text\/css\" data-created_by=\"avia_inline_auto\" id=\"style-css-av-k73rmu6u-ee4ecd7b7984efdbd0fffab321b05262\">\n#top .av-special-heading.av-k73rmu6u-ee4ecd7b7984efdbd0fffab321b05262{\npadding-bottom:10px;\n}\nbody .av-special-heading.av-k73rmu6u-ee4ecd7b7984efdbd0fffab321b05262 .av-special-heading-tag .heading-char{\nfont-size:25px;\n}\n.av-special-heading.av-k73rmu6u-ee4ecd7b7984efdbd0fffab321b05262 .av-subheading{\nfont-size:15px;\n}\n<\/style>\n<div  class='av-special-heading av-k73rmu6u-ee4ecd7b7984efdbd0fffab321b05262 av-special-heading-h2'><h2 class='av-special-heading-tag'  itemprop=\"headline\"  >Dirija su dinero<\/h2><div class=\"special-heading-border\"><div class=\"special-heading-inner-border\"><\/div><\/div><\/div><br \/>\n\n<style type=\"text\/css\" data-created_by=\"avia_inline_auto\" id=\"style-css-av-k55qflc3-751cded8943c40b73ebb9e5a479d5cbb\">\n.avia-image-container.av-k55qflc3-751cded8943c40b73ebb9e5a479d5cbb img.avia_image{\nbox-shadow:none;\n}\n.avia-image-container.av-k55qflc3-751cded8943c40b73ebb9e5a479d5cbb .av-image-caption-overlay-center{\ncolor:#ffffff;\n}\n<\/style>\n<div  class='avia-image-container av-k55qflc3-751cded8943c40b73ebb9e5a479d5cbb av-styling- avia-align-center'   itemprop=\"image\" itemscope=\"itemscope\" itemtype=\"https:\/\/schema.org\/ImageObject\" ><div class=\"avia-image-container-inner\"><div class=\"avia-image-overlay-wrap\"><img decoding=\"async\" class='wp-image- avia-img-lazy-loading-not- avia_image' src=\"http:\/\/www.omahasupermercado.com\/wp-content\/uploads\/2020\/01\/Direct-Your-Dollars-768x389-1.jpg\" alt='' title=''   itemprop=\"thumbnailUrl\"  \/><\/div><\/div><\/div><br \/>\n<section  class='av_textblock_section av-k26iipub-cac550670bc830989465eb4b49d8f285'  itemscope=\"itemscope\" itemtype=\"https:\/\/schema.org\/CreativeWork\" ><div class='avia_textblock'  itemprop=\"text\" ><p>A trav\u00e9s de nuestro programa Direct Your Dollars, las organizaciones sin \u00e1nimo de lucro que cumplan los requisitos pueden ganar $1.000, simplemente recaudando $150.000 en recibos v\u00e1lidos en cualquiera de nuestras tiendas.<\/p>\n<\/div><\/section><br \/>\n<div  class='avia-button-wrap av-k26j6fcx-6862b1f8759708b527600d7c58568f5f-wrap avia-button-center  avia-builder-el-9  el_after_av_textblock  avia-builder-el-last'><a href='https:\/\/www.spartannash.com\/corp-responsibility\/social-responsibility\/direct-your-dollars\/' class='avia-button av-k26j6fcx-6862b1f8759708b527600d7c58568f5f avia-icon_select-no avia-size-x-large avia-position-center avia-color-theme-color' target=\"_blank\" rel=\"noopener noreferrer\"><span class='avia_iconbox_title' >M\u00e1s informaci\u00f3n sobre Direct Your Dollars<\/span><\/a><\/div><\/p>\n<\/div><\/div>\n<style type=\"text\/css\" data-created_by=\"avia_inline_auto\" id=\"style-css-av-k26ijh0v-348f4e0d9728158fc2c9e29a490dc59d\">\n.flex_cell.av-k26ijh0v-348f4e0d9728158fc2c9e29a490dc59d{\nvertical-align:top;\nbackground:url(https:\/\/www.omahasupermercado.com\/wp-content\/uploads\/2019\/10\/wtof-lunch-800x800-1.jpg) 50% 50% no-repeat scroll ;\n}\n.responsive #top #wrap_all .flex_cell.av-k26ijh0v-348f4e0d9728158fc2c9e29a490dc59d{\npadding:0px 0px 0px 0px !important;\n}\n<\/style>\n<div class='flex_cell av-k26ijh0v-348f4e0d9728158fc2c9e29a490dc59d av-gridrow-cell av_one_half no_margin  avia-builder-el-10  el_after_av_cell_one_half  avia-builder-el-last  av-zero-padding avia-full-stretch' ><div class='flex_cell_inner'><\/div><\/div>\n<\/div>","protected":false},"excerpt":{"rendered":"","protected":false},"author":10,"featured_media":0,"parent":0,"menu_order":0,"comment_status":"closed","ping_status":"closed","template":"","meta":{"footnotes":""},"class_list":["post-92","page","type-page","status-publish","hentry"],"_links":{"self":[{"href":"https:\/\/www.omahasupermercado.com\/es\/wp-json\/wp\/v2\/pages\/92","targetHints":{"allow":["GET"]}}],"collection":[{"href":"https:\/\/www.omahasupermercado.com\/es\/wp-json\/wp\/v2\/pages"}],"about":[{"href":"https:\/\/www.omahasupermercado.com\/es\/wp-json\/wp\/v2\/types\/page"}],"author":[{"embeddable":true,"href":"https:\/\/www.omahasupermercado.com\/es\/wp-json\/wp\/v2\/users\/10"}],"replies":[{"embeddable":true,"href":"https:\/\/www.omahasupermercado.com\/es\/wp-json\/wp\/v2\/comments?post=92"}],"version-history":[{"count":0,"href":"https:\/\/www.omahasupermercado.com\/es\/wp-json\/wp\/v2\/pages\/92\/revisions"}],"wp:attachment":[{"href":"https:\/\/www.omahasupermercado.com\/es\/wp-json\/wp\/v2\/media?parent=92"}],"curies":[{"name":"wp","href":"https:\/\/api.w.org\/{rel}","templated":true}]}}