{"id":6331,"date":"2025-10-16T14:45:03","date_gmt":"2025-10-16T14:45:03","guid":{"rendered":"https:\/\/www.omahasupermercado.com\/?page_id=6331"},"modified":"2025-11-11T19:58:10","modified_gmt":"2025-11-11T19:58:10","slug":"loteria","status":"publish","type":"page","link":"https:\/\/www.omahasupermercado.com\/es\/loteria\/","title":{"rendered":"Loter\u00eda"},"content":{"rendered":"<style type=\"text\/css\" data-created_by=\"avia_inline_auto\" id=\"style-css-av-mgtl0cwr-5205467fa5c534da8d4fe608a7f11659\">\n.avia-section.av-mgtl0cwr-5205467fa5c534da8d4fe608a7f11659{\nbackground-repeat:repeat-x;\nbackground-image:url(https:\/\/www.omahasupermercado.com\/wp-content\/uploads\/2025\/10\/Loteria-Yellow-Pattern.jpg);\nbackground-position:50% 50%;\nbackground-attachment:scroll;\n}\n<\/style>\n<div id='av_section_1'  class='avia-section av-mgtl0cwr-5205467fa5c534da8d4fe608a7f11659 main_color avia-section-default avia-no-border-styling  avia-builder-el-0  el_before_av_one_half  avia-builder-el-first  avia-bg-style-scroll av-minimum-height av-minimum-height-25  container_wrap sidebar_right'  data-section-bg-repeat='repeat-x' data-av_minimum_height_pc='25'><div class='container av-section-cont-open' ><main  role=\"main\" itemprop=\"mainContentOfPage\"  class='template-page content  av-content-small alpha units'><div class='post-entry post-entry-type-page post-entry-6331'><div class='entry-content-wrapper clearfix'>\n\n<style type=\"text\/css\" data-created_by=\"avia_inline_auto\" id=\"style-css-av-mgtj7aug-55a3d47685c3f33d8b697ed40dabeabe\">\n.avia-image-container.av-mgtj7aug-55a3d47685c3f33d8b697ed40dabeabe img.avia_image{\nbox-shadow:none;\n}\n.avia-image-container.av-mgtj7aug-55a3d47685c3f33d8b697ed40dabeabe .av-image-caption-overlay-center{\ncolor:#ffffff;\n}\n<\/style>\n<div  class='avia-image-container av-mgtj7aug-55a3d47685c3f33d8b697ed40dabeabe av-styling- avia-align-center  avia-builder-el-1  avia-builder-el-no-sibling'   itemprop=\"image\" itemscope=\"itemscope\" itemtype=\"https:\/\/schema.org\/ImageObject\" ><div class=\"avia-image-container-inner\"><div class=\"avia-image-overlay-wrap\"><img decoding=\"async\" class='wp-image-6338 avia-img-lazy-loading-not-6338 avia_image' src=\"https:\/\/www.omahasupermercado.com\/wp-content\/uploads\/2025\/10\/Loteria-Logo.png\" alt='Loteria Logo' title='Loter\u00eda-Logo'  height=\"206\" width=\"1054\"  itemprop=\"thumbnailUrl\" srcset=\"https:\/\/www.omahasupermercado.com\/wp-content\/uploads\/2025\/10\/Loteria-Logo.png 1054w, https:\/\/www.omahasupermercado.com\/wp-content\/uploads\/2025\/10\/Loteria-Logo-300x59.png 300w, https:\/\/www.omahasupermercado.com\/wp-content\/uploads\/2025\/10\/Loteria-Logo-1030x201.png 1030w, https:\/\/www.omahasupermercado.com\/wp-content\/uploads\/2025\/10\/Loteria-Logo-768x150.png 768w, https:\/\/www.omahasupermercado.com\/wp-content\/uploads\/2025\/10\/Loteria-Logo-18x4.png 18w, https:\/\/www.omahasupermercado.com\/wp-content\/uploads\/2025\/10\/Loteria-Logo-705x138.png 705w\" sizes=\"(max-width: 1054px) 100vw, 1054px\" \/><\/div><\/div><\/div>\n<\/div><\/div><\/main><!-- close content main element --><\/div><\/div><div id='after_section_1'  class='main_color av_default_container_wrap container_wrap sidebar_right'  ><div class='container av-section-cont-open' ><div class='template-page content  av-content-small alpha units'><div class='post-entry post-entry-type-page post-entry-6331'><div class='entry-content-wrapper clearfix'>\n<div class='flex_column_table av-4uacsr-7215a1cdde35cdc1feca7a68c57bc095 sc-av_one_half av-equal-height-column-flextable'><div class='flex_column av-4uacsr-7215a1cdde35cdc1feca7a68c57bc095 av_one_half  avia-builder-el-2  el_after_av_section  el_before_av_one_half  avia-builder-el-first  first flex_column_table_cell av-equal-height-column av-align-middle'     ><style type=\"text\/css\" data-created_by=\"avia_inline_auto\" id=\"style-css-av-mgtjq0dw-324a7189eea93aa7762f73b5f0d1d489\">\n#top .av_textblock_section.av-mgtjq0dw-324a7189eea93aa7762f73b5f0d1d489 .avia_textblock{\nfont-size:39px;\ncolor:#E93526;\ntext-align:center;\n}\n<\/style>\n<section  class='av_textblock_section av-mgtjq0dw-324a7189eea93aa7762f73b5f0d1d489'  itemscope=\"itemscope\" itemtype=\"https:\/\/schema.org\/CreativeWork\" ><div class='avia_textblock av_inherit_color'  itemprop=\"text\" ><h1 style=\"text-align: center;\">Juega y gana una tarjeta regalo de $500 ~ \u00a110 ganadores!<\/h1>\n<h1 style=\"text-align: center;\">Juega y podr\u00edas ganar $500 tarjeta de regalo<em> ~ \u00a110 ganadores!<\/em><\/h1>\n<\/div><\/section><br \/>\n\n<style type=\"text\/css\" data-created_by=\"avia_inline_auto\" id=\"style-css-av-mh54b6n7-15febfce3116642a3652f17c7080be64\">\n#top .hr.av-mh54b6n7-15febfce3116642a3652f17c7080be64{\nmargin-top:30px;\nmargin-bottom:30px;\n}\n.hr.av-mh54b6n7-15febfce3116642a3652f17c7080be64 .hr-inner{\nwidth:50%;\nborder-color:#fff100;\n}\n<\/style>\n<div  class='hr av-mh54b6n7-15febfce3116642a3652f17c7080be64 hr-custom  avia-builder-el-4  el_after_av_textblock  el_before_av_textblock  hr-center hr-icon-no'><span class='hr-inner inner-border-av-border-fat'><span class=\"hr-inner-style\"><\/span><\/span><\/div><br \/>\n\n<style type=\"text\/css\" data-created_by=\"avia_inline_auto\" id=\"style-css-av-mh549awl-9f6cc868804faa196e8c8bdca7470ac1\">\n#top .av_textblock_section.av-mh549awl-9f6cc868804faa196e8c8bdca7470ac1 .avia_textblock{\nfont-size:32px;\ncolor:#e93526;\ntext-align:center;\n}\n<\/style>\n<section  class='av_textblock_section av-mh549awl-9f6cc868804faa196e8c8bdca7470ac1'  itemscope=\"itemscope\" itemtype=\"https:\/\/schema.org\/CreativeWork\" ><div class='avia_textblock av_inherit_color'  itemprop=\"text\" ><h1 style=\"text-align: center;\">Del 16 de noviembre al 14 de diciembre<\/h1>\n<\/div><\/section><\/p><\/div>\n<div class='av-flex-placeholder'><\/div><div class='flex_column av-2m7zd7-e9c7fffb4258c75fba0bc651c04b7f73 av_one_half  avia-builder-el-6  el_after_av_one_half  el_before_av_section  avia-builder-el-last  flex_column_table_cell av-equal-height-column av-align-middle'     ><style type=\"text\/css\" data-created_by=\"avia_inline_auto\" id=\"style-css-av-mgtlohx8-b49bf89cb961ce97b7780abfd8da7acc\">\n.avia-image-container.av-mgtlohx8-b49bf89cb961ce97b7780abfd8da7acc img.avia_image{\nbox-shadow:none;\n}\n.avia-image-container.av-mgtlohx8-b49bf89cb961ce97b7780abfd8da7acc .av-image-caption-overlay-center{\ncolor:#ffffff;\n}\n<\/style>\n<div  class='avia-image-container av-mgtlohx8-b49bf89cb961ce97b7780abfd8da7acc av-styling- avia-align-center  avia-builder-el-7  avia-builder-el-no-sibling'   itemprop=\"image\" itemscope=\"itemscope\" itemtype=\"https:\/\/schema.org\/ImageObject\" ><div class=\"avia-image-container-inner\"><div class=\"avia-image-overlay-wrap\"><img decoding=\"async\" class='wp-image-6341 avia-img-lazy-loading-not-6341 avia_image' src=\"https:\/\/www.omahasupermercado.com\/wp-content\/uploads\/2025\/10\/Card-Images.png\" alt='Loteria Board' title='Im\u00e1genes de tarjetas'  height=\"567\" width=\"746\"  itemprop=\"thumbnailUrl\" srcset=\"https:\/\/www.omahasupermercado.com\/wp-content\/uploads\/2025\/10\/Card-Images.png 746w, https:\/\/www.omahasupermercado.com\/wp-content\/uploads\/2025\/10\/Card-Images-300x228.png 300w, https:\/\/www.omahasupermercado.com\/wp-content\/uploads\/2025\/10\/Card-Images-16x12.png 16w, https:\/\/www.omahasupermercado.com\/wp-content\/uploads\/2025\/10\/Card-Images-705x536.png 705w\" sizes=\"(max-width: 746px) 100vw, 746px\" \/><\/div><\/div><\/div><\/div><\/div><!--close column table wrapper. Autoclose: 1 -->\n<\/div><\/div><\/div><!-- close content main div --><\/div><\/div>\n<style type=\"text\/css\" data-created_by=\"avia_inline_auto\" id=\"style-css-av-2rliyj-a29b2f62c2c06bdaa3c418df953d64b5\">\n.avia-section.av-2rliyj-a29b2f62c2c06bdaa3c418df953d64b5{\nbackground-color:rgba(255,241,0,0.32);\nbackground-image:unset;\n}\n<\/style>\n<div id='av_section_2'  class='avia-section av-2rliyj-a29b2f62c2c06bdaa3c418df953d64b5 main_color avia-section-default avia-no-border-styling  avia-builder-el-8  el_after_av_one_half  el_before_av_section  avia-bg-style-scroll av-minimum-height av-minimum-height-25  container_wrap sidebar_right'   data-av_minimum_height_pc='25'><div class='container av-section-cont-open' ><div class='template-page content  av-content-small alpha units'><div class='post-entry post-entry-type-page post-entry-6331'><div class='entry-content-wrapper clearfix'>\n<section  class='av_textblock_section av-mh54d6ex-c9292c05c0b4afcae7f3e8c9db9a57fd'  itemscope=\"itemscope\" itemtype=\"https:\/\/schema.org\/CreativeWork\" ><div class='avia_textblock'  itemprop=\"text\" ><h2><strong>1.  Recoge tu tarjeta \/ Get your card<\/strong><\/h2>\n<p>Pide tu tarjeta de Loter\u00eda en caja o en servicio al cliente. Cada espacio muestra un producto o una acci\u00f3n que puedes completar entre el 16 de noviembre y el 14 de diciembre.<\/p>\n<p>Recoge tu tarjeta Loter\u00eda en la caja o en el servicio de atenci\u00f3n al cliente. Cada espacio muestra un producto para comprar o una acci\u00f3n para completar entre el 16 de noviembre y el 14 de diciembre.<\/p>\n<h2><strong>2.  Completa las casillas \/ Complete your spaces<\/strong><\/h2>\n<p>Compra los productos o realiza las acciones indicadas en tu tarjeta. Por cada casilla completada, muestra tu tarjeta al cajero(a) para recibir tu sello.<\/p>\n<p>Compre los productos o realice las acciones que figuran en su tarjeta. Por cada espacio completado, muestra tu tarjeta al cajero para recibir tu sello.<\/p>\n<h2><strong>3.  Completa las casillas \/ Complete your spaces<\/strong><\/h2>\n<p>Compra los productos o realiza las acciones indicadas en tu tarjeta. Por cada casilla completada, muestra tu tarjeta al cajero(a) para recibir tu sello.<\/p>\n<p>Compre los productos o realice las acciones que figuran en su tarjeta. Por cada espacio completado, muestra tu tarjeta al cajero para recibir tu sello.<\/p>\n<\/div><\/section>\n<div  class='avia-button-wrap av-mh569vsz-9c8c0fd0e9e421849f64b1284dd518ab-wrap avia-button-center  avia-builder-el-10  el_after_av_textblock  avia-builder-el-last'>\n<style type=\"text\/css\" data-created_by=\"avia_inline_auto\" id=\"style-css-av-mh569vsz-9c8c0fd0e9e421849f64b1284dd518ab\">\n#top #wrap_all .avia-button.av-mh569vsz-9c8c0fd0e9e421849f64b1284dd518ab{\npadding:10px 10px 10px 10px;\n}\n<\/style>\n<a href='https:\/\/www.omahasupermercado.com\/wp-content\/uploads\/2025\/11\/Supermercado-Nuestra-Loteria-Sweepstakes-Rules.pdf'  class='avia-button av-mh569vsz-9c8c0fd0e9e421849f64b1284dd518ab avia-icon_select-no avia-size-small avia-position-center avia-color-theme-color'  ><span class='avia_iconbox_title' >View Official Rues &amp; Conditions<\/span><\/a><\/div>\n\n<\/div><\/div><\/div><!-- close content main div --><\/div><\/div>\n<style type=\"text\/css\" data-created_by=\"avia_inline_auto\" id=\"style-css-av-mh54wvhr-465b64cd2075649099b830a5d9736fe5\">\n.avia-section.av-mh54wvhr-465b64cd2075649099b830a5d9736fe5{\nbackground-color:rgba(255,241,0,0.32);\nbackground-image:unset;\n}\n<\/style>\n<div id='av_section_3'  class='avia-section av-mh54wvhr-465b64cd2075649099b830a5d9736fe5 main_color avia-section-no-padding avia-no-border-styling  avia-builder-el-11  el_after_av_section  avia-builder-el-last  avia-bg-style-scroll container_wrap sidebar_right'  ><div class='container av-section-cont-open' ><div class='template-page content  av-content-small alpha units'><div class='post-entry post-entry-type-page post-entry-6331'><div class='entry-content-wrapper clearfix'>\n\n<style type=\"text\/css\" data-created_by=\"avia_inline_auto\" id=\"style-css-av-mh551de2-095e47150dea2e27b3e8b989356c790c\">\n.avia-image-container.av-mh551de2-095e47150dea2e27b3e8b989356c790c img.avia_image{\nbox-shadow:none;\n}\n.avia-image-container.av-mh551de2-095e47150dea2e27b3e8b989356c790c .av-image-caption-overlay-center{\ncolor:#ffffff;\n}\n<\/style>\n<div  class='avia-image-container av-mh551de2-095e47150dea2e27b3e8b989356c790c av-styling- avia_animated_image av-animated-when-visible-95 bottom-to-top avia-align-center  avia-builder-el-12  avia-builder-el-no-sibling  av-mini-hide'   itemprop=\"image\" itemscope=\"itemscope\" itemtype=\"https:\/\/schema.org\/ImageObject\" ><div class=\"avia-image-container-inner\"><div class=\"avia-image-overlay-wrap\"><img decoding=\"async\" class='wp-image-6362 avia-img-lazy-loading-not-6362 avia_image' src=\"https:\/\/www.omahasupermercado.com\/wp-content\/uploads\/2025\/10\/Loteria-Cards.png\" alt='' title='Tarjetas de Loter\u00eda'  height=\"300\" width=\"1920\"  itemprop=\"thumbnailUrl\" srcset=\"https:\/\/www.omahasupermercado.com\/wp-content\/uploads\/2025\/10\/Loteria-Cards.png 1920w, https:\/\/www.omahasupermercado.com\/wp-content\/uploads\/2025\/10\/Loteria-Cards-300x47.png 300w, https:\/\/www.omahasupermercado.com\/wp-content\/uploads\/2025\/10\/Loteria-Cards-1030x161.png 1030w, https:\/\/www.omahasupermercado.com\/wp-content\/uploads\/2025\/10\/Loteria-Cards-768x120.png 768w, https:\/\/www.omahasupermercado.com\/wp-content\/uploads\/2025\/10\/Loteria-Cards-1536x240.png 1536w, https:\/\/www.omahasupermercado.com\/wp-content\/uploads\/2025\/10\/Loteria-Cards-18x3.png 18w, https:\/\/www.omahasupermercado.com\/wp-content\/uploads\/2025\/10\/Loteria-Cards-1500x234.png 1500w, https:\/\/www.omahasupermercado.com\/wp-content\/uploads\/2025\/10\/Loteria-Cards-705x110.png 705w\" sizes=\"(max-width: 1920px) 100vw, 1920px\" \/><\/div><\/div><\/div>\n<\/div><\/div><\/div><!-- close content main div --><\/div><\/div><div id='after_section_3'  class='main_color av_default_container_wrap container_wrap sidebar_right'  ><div class='container av-section-cont-open' ><div class='template-page content  av-content-small alpha units'><div class='post-entry post-entry-type-page post-entry-6331'><div class='entry-content-wrapper clearfix'>","protected":false},"excerpt":{"rendered":"","protected":false},"author":6,"featured_media":6334,"parent":0,"menu_order":0,"comment_status":"closed","ping_status":"closed","template":"","meta":{"footnotes":""},"class_list":["post-6331","page","type-page","status-publish","has-post-thumbnail","hentry"],"_links":{"self":[{"href":"https:\/\/www.omahasupermercado.com\/es\/wp-json\/wp\/v2\/pages\/6331","targetHints":{"allow":["GET"]}}],"collection":[{"href":"https:\/\/www.omahasupermercado.com\/es\/wp-json\/wp\/v2\/pages"}],"about":[{"href":"https:\/\/www.omahasupermercado.com\/es\/wp-json\/wp\/v2\/types\/page"}],"author":[{"embeddable":true,"href":"https:\/\/www.omahasupermercado.com\/es\/wp-json\/wp\/v2\/users\/6"}],"replies":[{"embeddable":true,"href":"https:\/\/www.omahasupermercado.com\/es\/wp-json\/wp\/v2\/comments?post=6331"}],"version-history":[{"count":0,"href":"https:\/\/www.omahasupermercado.com\/es\/wp-json\/wp\/v2\/pages\/6331\/revisions"}],"wp:featuredmedia":[{"embeddable":true,"href":"https:\/\/www.omahasupermercado.com\/es\/wp-json\/wp\/v2\/media\/6334"}],"wp:attachment":[{"href":"https:\/\/www.omahasupermercado.com\/es\/wp-json\/wp\/v2\/media?parent=6331"}],"curies":[{"name":"wp","href":"https:\/\/api.w.org\/{rel}","templated":true}]}}