{"id":6120,"date":"2025-05-01T14:23:36","date_gmt":"2025-05-01T14:23:36","guid":{"rendered":"https:\/\/www.omahasupermercado.com\/?page_id=6120"},"modified":"2025-05-05T14:38:12","modified_gmt":"2025-05-05T14:38:12","slug":"our-family-mockup","status":"publish","type":"page","link":"https:\/\/www.omahasupermercado.com\/es\/our-family-mockup\/","title":{"rendered":"Nuestro modelo de familia"},"content":{"rendered":"<style type=\"text\/css\" data-created_by=\"avia_inline_auto\" id=\"style-css-av-ma2sh50o-e1daa42379bbe999d7473d61f9c1c601\">\n.avia-section.av-ma2sh50o-e1daa42379bbe999d7473d61f9c1c601{\nbackground-repeat:no-repeat;\nbackground-image:url(https:\/\/www.omahasupermercado.com\/wp-content\/uploads\/2024\/07\/OwnBrands-Products-85-1-scaled.jpg);\nbackground-position:50% 50%;\nbackground-attachment:scroll;\n}\n.avia-section.av-ma2sh50o-e1daa42379bbe999d7473d61f9c1c601 .av-section-color-overlay{\nopacity:0.3;\nbackground-color:#000000;\n}\n<\/style>\n<div id='av_section_1'  class='avia-section av-ma2sh50o-e1daa42379bbe999d7473d61f9c1c601 main_color avia-section-default avia-no-border-styling  avia-builder-el-0  el_before_av_section  avia-builder-el-first  avia-bg-style-scroll av-section-color-overlay-active container_wrap sidebar_right'  data-section-bg-repeat='no-repeat'><div class=\"av-section-color-overlay-wrap\"><div class=\"av-section-color-overlay\"><\/div><div class='container av-section-cont-open' ><main  role=\"main\" itemprop=\"mainContentOfPage\"  class='template-page content  av-content-small alpha units'><div class='post-entry post-entry-type-page post-entry-6120'><div class='entry-content-wrapper clearfix'>\n\n<style type=\"text\/css\" data-created_by=\"avia_inline_auto\" id=\"style-css-av-ma2se5s0-a139172da4c264e9d1a2b3b987e115c6\">\n.avia-image-container.av-ma2se5s0-a139172da4c264e9d1a2b3b987e115c6 img.avia_image{\nbox-shadow:none;\n}\n.avia-image-container.av-ma2se5s0-a139172da4c264e9d1a2b3b987e115c6 .av-image-caption-overlay-center{\ncolor:#ffffff;\n}\n<\/style>\n<div  class='avia-image-container av-ma2se5s0-a139172da4c264e9d1a2b3b987e115c6 av-styling- avia-align-center  avia-builder-el-1  el_before_av_heading  avia-builder-el-first'   itemprop=\"image\" itemscope=\"itemscope\" itemtype=\"https:\/\/schema.org\/ImageObject\" ><div class=\"avia-image-container-inner\"><div class=\"avia-image-overlay-wrap\"><img decoding=\"async\" class='wp-image-6122 avia-img-lazy-loading-not-6122 avia_image' src=\"https:\/\/www.omahasupermercado.com\/wp-content\/uploads\/2025\/04\/Small-PNG-Our-Family-Logo-300x135.png\" alt='' title='PNG peque\u00f1o-Nuestro logotipo familiar'  height=\"135\" width=\"300\"  itemprop=\"thumbnailUrl\" srcset=\"https:\/\/www.omahasupermercado.com\/wp-content\/uploads\/2025\/04\/Small-PNG-Our-Family-Logo-300x135.png 300w, https:\/\/www.omahasupermercado.com\/wp-content\/uploads\/2025\/04\/Small-PNG-Our-Family-Logo.png 600w\" sizes=\"(max-width: 300px) 100vw, 300px\" \/><\/div><\/div><\/div>\n\n<style type=\"text\/css\" data-created_by=\"avia_inline_auto\" id=\"style-css-av-ma2sfrmf-81dae62b6ec2de852f76b0fdd80524cc\">\n#top .av-special-heading.av-ma2sfrmf-81dae62b6ec2de852f76b0fdd80524cc{\npadding-bottom:10px;\ncolor:#ffffff;\n}\nbody .av-special-heading.av-ma2sfrmf-81dae62b6ec2de852f76b0fdd80524cc .av-special-heading-tag .heading-char{\nfont-size:25px;\n}\n.av-special-heading.av-ma2sfrmf-81dae62b6ec2de852f76b0fdd80524cc .special-heading-inner-border{\nborder-color:#ffffff;\n}\n.av-special-heading.av-ma2sfrmf-81dae62b6ec2de852f76b0fdd80524cc .av-subheading{\nfont-size:15px;\n}\n<\/style>\n<div  class='av-special-heading av-ma2sfrmf-81dae62b6ec2de852f76b0fdd80524cc av-special-heading-h2 custom-color-heading blockquote modern-quote modern-centered  avia-builder-el-2  el_after_av_image  avia-builder-el-last'><h2 class='av-special-heading-tag'  itemprop=\"headline\"  >Calidad <span class='special_amp'>&amp;<\/span> Valor desde 1904<\/h2><div class=\"special-heading-border\"><div class=\"special-heading-inner-border\"><\/div><\/div><\/div>\n\n<\/div><\/div><\/main><!-- close content main element --><\/div><\/div><\/div>\n<style type=\"text\/css\" data-created_by=\"avia_inline_auto\" id=\"style-css-av-9x6a8o-0376e634ab8171b4ff756db5355c4e46\">\n.avia-section.av-9x6a8o-0376e634ab8171b4ff756db5355c4e46{\nmargin-top:0px;\nmargin-bottom:15px;\n}\n<\/style>\n<div id='av_section_2'  class='avia-section av-9x6a8o-0376e634ab8171b4ff756db5355c4e46 main_color avia-section-default avia-no-border-styling  avia-builder-el-3  el_after_av_section  el_before_av_section  avia-bg-style-scroll container_wrap sidebar_right'  ><div class='container av-section-cont-open' ><div class='template-page content  av-content-small alpha units'><div class='post-entry post-entry-type-page post-entry-6120'><div class='entry-content-wrapper clearfix'>\n<div class='flex_column_table av-ma2skaim-89e900b15b81c59afbdd0cf89922ff06 sc-av_one_half av-equal-height-column-flextable'>\n<style type=\"text\/css\" data-created_by=\"avia_inline_auto\" id=\"style-css-av-ma2skaim-89e900b15b81c59afbdd0cf89922ff06\">\n.flex_column.av-ma2skaim-89e900b15b81c59afbdd0cf89922ff06{\nwidth:48%;\nmargin-left:0;\npadding:0px 0px 0px 0px;\n}\n#top .flex_column_table.av-equal-height-column-flextable.av-ma2skaim-89e900b15b81c59afbdd0cf89922ff06 .av-flex-placeholder{\nwidth:4%;\n}\n<\/style>\n<div class='flex_column av-ma2skaim-89e900b15b81c59afbdd0cf89922ff06 av_one_half  avia-builder-el-4  el_before_av_one_half  avia-builder-el-first  floating-box-left first flex_column_table_cell av-equal-height-column av-align-middle av-zero-column-padding'     ><style type=\"text\/css\" data-created_by=\"avia_inline_auto\" id=\"style-css-av-ma2sc1eh-570d3f5af0315f1cd0077c05b0c550ff\">\n.avia-image-container.av-ma2sc1eh-570d3f5af0315f1cd0077c05b0c550ff img.avia_image{\nbox-shadow:none;\n}\n.avia-image-container.av-ma2sc1eh-570d3f5af0315f1cd0077c05b0c550ff .av-image-caption-overlay-center{\ncolor:#ffffff;\n}\n<\/style>\n<div  class='avia-image-container av-ma2sc1eh-570d3f5af0315f1cd0077c05b0c550ff av-styling- avia-align-center  avia-builder-el-5  avia-builder-el-no-sibling'   itemprop=\"image\" itemscope=\"itemscope\" itemtype=\"https:\/\/schema.org\/ImageObject\" ><div class=\"avia-image-container-inner\"><div class=\"avia-image-overlay-wrap\"><img decoding=\"async\" class='wp-image-6132 avia-img-lazy-loading-not-6132 avia_image' src=\"https:\/\/www.omahasupermercado.com\/wp-content\/uploads\/2025\/04\/Small-JPG-GettyImages-504373980.jpg\" alt='' title='Small JPG-GettyImages-504373980'  height=\"400\" width=\"600\"  itemprop=\"thumbnailUrl\" srcset=\"https:\/\/www.omahasupermercado.com\/wp-content\/uploads\/2025\/04\/Small-JPG-GettyImages-504373980.jpg 600w, https:\/\/www.omahasupermercado.com\/wp-content\/uploads\/2025\/04\/Small-JPG-GettyImages-504373980-300x200.jpg 300w\" sizes=\"(max-width: 600px) 100vw, 600px\" \/><\/div><\/div><\/div><\/div><div class='av-flex-placeholder'><\/div>\n<style type=\"text\/css\" data-created_by=\"avia_inline_auto\" id=\"style-css-av-7hya48-ecf7aa2dcb31b0d308f270c413010cc1\">\n.flex_column.av-7hya48-ecf7aa2dcb31b0d308f270c413010cc1{\nwidth:48%;\nmargin-left:0;\n}\n#top .flex_column_table.av-equal-height-column-flextable.av-7hya48-ecf7aa2dcb31b0d308f270c413010cc1 .av-flex-placeholder{\nwidth:4%;\n}\n<\/style>\n<div class='flex_column av-7hya48-ecf7aa2dcb31b0d308f270c413010cc1 av_one_half  avia-builder-el-6  el_after_av_one_half  avia-builder-el-last  floating-box-right flex_column_table_cell av-equal-height-column av-align-middle'     ><p>\n<style type=\"text\/css\" data-created_by=\"avia_inline_auto\" id=\"style-css-av-ma2skw4t-41c8aae4cf8e5e28ff5525002f4ecf2e\">\n#top .av-special-heading.av-ma2skw4t-41c8aae4cf8e5e28ff5525002f4ecf2e{\nmargin:0 0 -10px 0;\n}\nbody .av-special-heading.av-ma2skw4t-41c8aae4cf8e5e28ff5525002f4ecf2e .av-special-heading-tag .heading-char{\nfont-size:25px;\n}\n.av-special-heading.av-ma2skw4t-41c8aae4cf8e5e28ff5525002f4ecf2e .av-subheading{\nfont-size:15px;\n}\n<\/style>\n<div  class='av-special-heading av-ma2skw4t-41c8aae4cf8e5e28ff5525002f4ecf2e av-special-heading-h3  avia-builder-el-7  el_before_av_textblock  avia-builder-el-first'><h3 class='av-special-heading-tag'  itemprop=\"headline\"  >Nuestra familia, aqu\u00ed para la suya<\/h3><div class=\"special-heading-border\"><div class=\"special-heading-inner-border\"><\/div><\/div><\/div><br \/>\n<section  class='av_textblock_section av-ma2sla7v-3c0924c4cbd5c79de9637d862e9b12bd'  itemscope=\"itemscope\" itemtype=\"https:\/\/schema.org\/CreativeWork\" ><div class='avia_textblock'  itemprop=\"text\" ><p>Con m\u00e1s de 3.000 art\u00edculos repartidos por toda la tienda, Nuestra Familia\u00ae tiene algo para cada persona y cada ocasi\u00f3n. As\u00ed que si est\u00e1s planeando una noche tranquila en casa, un martes de tacos con la familia o una fiesta de fin de semana en el patio trasero con amigos y vecinos, \u00a1busca Our Family!<\/p>\n<\/div><\/section><br \/>\n<div  class='avia-button-wrap av-6d937c-542a5f6c98670b1070a388a7673c56f7-wrap avia-button-left  avia-builder-el-9  el_after_av_textblock  avia-builder-el-last'><a href='https:\/\/ourfamilyfoods.com\/'  class='avia-button av-6d937c-542a5f6c98670b1070a388a7673c56f7 avia-icon_select-no avia-size-small avia-position-left avia-color-theme-color'  ><span class='avia_iconbox_title' >M\u00e1s informaci\u00f3n<\/span><\/a><\/div><\/p><\/div><\/div><!--close column table wrapper. Autoclose: 1 --><\/div><\/div><\/div><!-- close content main div --><\/div><\/div>\n<style type=\"text\/css\" data-created_by=\"avia_inline_auto\" id=\"style-css-av-ma2smgfb-0211bd5c260c1120bbc3fdb921f57ec7\">\n.avia-section.av-ma2smgfb-0211bd5c260c1120bbc3fdb921f57ec7{\nbackground-repeat:no-repeat;\nbackground-image:url(https:\/\/www.omahasupermercado.com\/wp-content\/uploads\/2024\/07\/Cereal-Branding-58-1-scaled.jpg);\nbackground-position:0% 50%;\nbackground-attachment:scroll;\n}\n.avia-section.av-ma2smgfb-0211bd5c260c1120bbc3fdb921f57ec7 .av-section-color-overlay{\nopacity:0.3;\nbackground-color:#000000;\n}\n<\/style>\n<div id='av_section_3'  class='avia-section av-ma2smgfb-0211bd5c260c1120bbc3fdb921f57ec7 main_color avia-section-default avia-no-border-styling  avia-builder-el-10  el_after_av_section  el_before_av_section  avia-bg-style-scroll av-section-color-overlay-active av-minimum-height av-minimum-height-25  container_wrap sidebar_right'  data-section-bg-repeat='no-repeat' data-av_minimum_height_pc='25'><div class=\"av-section-color-overlay-wrap\"><div class=\"av-section-color-overlay\"><\/div><div class='container av-section-cont-open' ><div class='template-page content  av-content-small alpha units'><div class='post-entry post-entry-type-page post-entry-6120'><div class='entry-content-wrapper clearfix'>\n\n<style type=\"text\/css\" data-created_by=\"avia_inline_auto\" id=\"style-css-av-ma2smwg6-20c8ec43e643969cea3499b4c36a566e\">\n.avia-image-container.av-ma2smwg6-20c8ec43e643969cea3499b4c36a566e img.avia_image{\nbox-shadow:none;\n}\n.avia-image-container.av-ma2smwg6-20c8ec43e643969cea3499b4c36a566e .av-image-caption-overlay-center{\ncolor:#ffffff;\n}\n<\/style>\n<div  class='avia-image-container av-ma2smwg6-20c8ec43e643969cea3499b4c36a566e av-styling- avia-align-center  avia-builder-el-11  el_before_av_heading  avia-builder-el-first'   itemprop=\"image\" itemscope=\"itemscope\" itemtype=\"https:\/\/schema.org\/ImageObject\" ><div class=\"avia-image-container-inner\"><div class=\"avia-image-overlay-wrap\"><img decoding=\"async\" class='wp-image-6124 avia-img-lazy-loading-not-6124 avia_image' src=\"https:\/\/www.omahasupermercado.com\/wp-content\/uploads\/2025\/04\/Small-PNG-Our-Family-Guarantee-Seal-180x180.png\" alt='' title='Peque\u00f1o sello de garant\u00eda PNG-Nuestra Familia'  height=\"180\" width=\"180\"  itemprop=\"thumbnailUrl\" srcset=\"https:\/\/www.omahasupermercado.com\/wp-content\/uploads\/2025\/04\/Small-PNG-Our-Family-Guarantee-Seal-180x180.png 180w, https:\/\/www.omahasupermercado.com\/wp-content\/uploads\/2025\/04\/Small-PNG-Our-Family-Guarantee-Seal-300x300.png 300w, https:\/\/www.omahasupermercado.com\/wp-content\/uploads\/2025\/04\/Small-PNG-Our-Family-Guarantee-Seal-80x80.png 80w, https:\/\/www.omahasupermercado.com\/wp-content\/uploads\/2025\/04\/Small-PNG-Our-Family-Guarantee-Seal-36x36.png 36w, https:\/\/www.omahasupermercado.com\/wp-content\/uploads\/2025\/04\/Small-PNG-Our-Family-Guarantee-Seal.png 600w\" sizes=\"(max-width: 180px) 100vw, 180px\" \/><\/div><\/div><\/div>\n\n<style type=\"text\/css\" data-created_by=\"avia_inline_auto\" id=\"style-css-av-ma2snwed-628603e306c8e5b971cf8a1d8b14b900\">\n#top .av-special-heading.av-ma2snwed-628603e306c8e5b971cf8a1d8b14b900{\nmargin:-2px 0 0 0;\ncolor:#ffffff;\n}\nbody .av-special-heading.av-ma2snwed-628603e306c8e5b971cf8a1d8b14b900 .av-special-heading-tag .heading-char{\nfont-size:25px;\n}\n#top #wrap_all .av-special-heading.av-ma2snwed-628603e306c8e5b971cf8a1d8b14b900 .av-special-heading-tag{\npadding:12px 0 0 0;\n}\n.av-special-heading.av-ma2snwed-628603e306c8e5b971cf8a1d8b14b900 .special-heading-inner-border{\nborder-color:#ffffff;\n}\n.av-special-heading.av-ma2snwed-628603e306c8e5b971cf8a1d8b14b900 .av-subheading{\nfont-size:15px;\n}\n<\/style>\n<div  class='av-special-heading av-ma2snwed-628603e306c8e5b971cf8a1d8b14b900 av-special-heading-h2 custom-color-heading blockquote modern-quote modern-centered  avia-builder-el-12  el_after_av_image  el_before_av_textblock'><h2 class='av-special-heading-tag'  itemprop=\"headline\"  >200% Garant\u00eda de calidad<\/h2><div class=\"special-heading-border\"><div class=\"special-heading-inner-border\"><\/div><\/div><\/div>\n\n<style type=\"text\/css\" data-created_by=\"avia_inline_auto\" id=\"style-css-av-ma2sohjm-1d377a3396b71ad12bf1bec1dcf8f4bb\">\n#top .av_textblock_section.av-ma2sohjm-1d377a3396b71ad12bf1bec1dcf8f4bb .avia_textblock{\ncolor:#ffffff;\n}\n<\/style>\n<section  class='av_textblock_section av-ma2sohjm-1d377a3396b71ad12bf1bec1dcf8f4bb'  itemscope=\"itemscope\" itemtype=\"https:\/\/schema.org\/CreativeWork\" ><div class='avia_textblock av_inherit_color'  itemprop=\"text\" ><p style=\"text-align: center;\"><strong>Si no est\u00e1 satisfecho con la calidad de cualquier producto de la marca Nuestra Familia, s\u00f3lo tiene que devolverlo a la tienda donde lo compr\u00f3 con su recibo, <\/strong><strong>y le devolvemos el doble de su dinero. Esa es la Garant\u00eda de Calidad de Nuestra Familia.<\/strong><\/p>\n<\/div><\/section>\n<\/p>\n<\/div><\/div><\/div><!-- close content main div --><\/div><\/div><\/div><div id='av_section_4'  class='avia-section av-6uaatk-005f86bf1726e47bcd340335254966ec main_color avia-section-default avia-no-border-styling  avia-builder-el-14  el_after_av_section  el_before_av_section  avia-bg-style-scroll container_wrap sidebar_right'  ><div class='container av-section-cont-open' ><div class='template-page content  av-content-small alpha units'><div class='post-entry post-entry-type-page post-entry-6120'><div class='entry-content-wrapper clearfix'>\n<div class='flex_column_table av-ma6umb42-479bc3bea2fd63d15a9225383fc7a52e sc-av_one_half av-equal-height-column-flextable'>\n<style type=\"text\/css\" data-created_by=\"avia_inline_auto\" id=\"style-css-av-ma6umb42-479bc3bea2fd63d15a9225383fc7a52e\">\n.flex_column.av-ma6umb42-479bc3bea2fd63d15a9225383fc7a52e{\nwidth:48%;\nmargin-left:0;\n}\n#top .flex_column_table.av-equal-height-column-flextable.av-ma6umb42-479bc3bea2fd63d15a9225383fc7a52e .av-flex-placeholder{\nwidth:4%;\n}\n<\/style>\n<div class='flex_column av-ma6umb42-479bc3bea2fd63d15a9225383fc7a52e av_one_half  avia-builder-el-15  el_before_av_one_half  avia-builder-el-first  first flex_column_table_cell av-equal-height-column av-align-middle'     ><div  class='avia-video av-ma6ukvgz-f432a923432474a4c12f4802814ce76e avia-video-16-9 av-no-preview-image avia-video-load-always av-lazyload-immediate av-lazyload-video-embed'  itemprop=\"video\" itemtype=\"https:\/\/schema.org\/VideoObject\"  data-original_url='https:\/\/youtu.be\/8c79wxdpq2w'><script type='text\/html' class='av-video-tmpl'><div class='avia-iframe-wrap'><iframe loading=\"lazy\" title=\"Our Family Cares\" width=\"1500\" height=\"844\" src=\"https:\/\/www.youtube.com\/embed\/8c79wxdpq2w?feature=oembed&autoplay=0&loop=0&controls=1&mute=0\" frameborder=\"0\" allow=\"accelerometer; autoplay; clipboard-write; encrypted-media; gyroscope; picture-in-picture; web-share\" referrerpolicy=\"strict-origin-when-cross-origin\" allowfullscreen><\/iframe><\/div><\/script><div class='av-click-to-play-overlay'><div class=\"avia_playpause_icon\"><\/div><\/div><\/div><\/div><div class='av-flex-placeholder'><\/div>\n<style type=\"text\/css\" data-created_by=\"avia_inline_auto\" id=\"style-css-av-6k95a0-994f2eb8a5921562d23a68c05c2e4cec\">\n.flex_column.av-6k95a0-994f2eb8a5921562d23a68c05c2e4cec{\nwidth:48%;\nmargin-left:0;\n}\n#top .flex_column_table.av-equal-height-column-flextable.av-6k95a0-994f2eb8a5921562d23a68c05c2e4cec .av-flex-placeholder{\nwidth:4%;\n}\n<\/style>\n<div class='flex_column av-6k95a0-994f2eb8a5921562d23a68c05c2e4cec av_one_half  avia-builder-el-17  el_after_av_one_half  avia-builder-el-last  flex_column_table_cell av-equal-height-column av-align-middle'     ><p>\n<style type=\"text\/css\" data-created_by=\"avia_inline_auto\" id=\"style-css-av-ma6ujuas-de6f377e3bda4ed6473b070679d1a60f\">\n#top .av-special-heading.av-ma6ujuas-de6f377e3bda4ed6473b070679d1a60f{\npadding-bottom:10px;\n}\nbody .av-special-heading.av-ma6ujuas-de6f377e3bda4ed6473b070679d1a60f .av-special-heading-tag .heading-char{\nfont-size:25px;\n}\n.av-special-heading.av-ma6ujuas-de6f377e3bda4ed6473b070679d1a60f .av-subheading{\nfont-size:15px;\n}\n<\/style>\n<div  class='av-special-heading av-ma6ujuas-de6f377e3bda4ed6473b070679d1a60f av-special-heading-h3  avia-builder-el-18  el_before_av_hr  avia-builder-el-first'><h3 class='av-special-heading-tag'  itemprop=\"headline\"  >En Nuestra Familia\u00ae, amamos y nos preocupamos por las comunidades a las que servimos, y queremos aportar nuestro granito de arena.<\/h3><div class=\"special-heading-border\"><div class=\"special-heading-inner-border\"><\/div><\/div><\/div><br \/>\n\n<style type=\"text\/css\" data-created_by=\"avia_inline_auto\" id=\"style-css-av-4g83bs-4195ac5a6e9e259a295449d72384bd18\">\n#top .hr.hr-invisible.av-4g83bs-4195ac5a6e9e259a295449d72384bd18{\nheight:10px;\n}\n<\/style>\n<div  class='hr av-4g83bs-4195ac5a6e9e259a295449d72384bd18 hr-invisible  avia-builder-el-19  el_after_av_heading  el_before_av_textblock'><span class='hr-inner'><span class=\"hr-inner-style\"><\/span><\/span><\/div><br \/>\n<section  class='av_textblock_section av-ma6ukj7r-17014e85a784915ad07bed0a1c986f33'  itemscope=\"itemscope\" itemtype=\"https:\/\/schema.org\/CreativeWork\" ><div class='avia_textblock'  itemprop=\"text\" ><p>En lugar de hacer una gran donaci\u00f3n a un grupo nacional, nos gustar\u00eda llegar al mayor n\u00famero posible de vidas en nuestras comunidades mediante el patrocinio de grupos locales que est\u00e1n marcando una diferencia real en la comunidad. Contribuyendo desde la base, podemos tener un impacto inmediato y duradero en la vida cotidiana de nuestros amigos y vecinos.<\/p>\n<\/div><\/section><br \/>\n\n<style type=\"text\/css\" data-created_by=\"avia_inline_auto\" id=\"style-css-av-1udqyg-d3858b18020e79d6eaf39308ac7ee601\">\n#top .hr.hr-invisible.av-1udqyg-d3858b18020e79d6eaf39308ac7ee601{\nheight:10px;\n}\n<\/style>\n<div  class='hr av-1udqyg-d3858b18020e79d6eaf39308ac7ee601 hr-invisible  avia-builder-el-21  el_after_av_textblock  el_before_av_button'><span class='hr-inner'><span class=\"hr-inner-style\"><\/span><\/span><\/div><br \/>\n<div  class='avia-button-wrap av-ma6una82-63a06b3a87b9418b123188bbf65692ad-wrap avia-button-left  avia-builder-el-22  el_after_av_hr  avia-builder-el-last'><a href='https:\/\/ourfamilyfoods.com\/our-family-cares\/'  class='avia-button av-ma6una82-63a06b3a87b9418b123188bbf65692ad avia-icon_select-no avia-size-small avia-position-left avia-color-theme-color'  ><span class='avia_iconbox_title' >M\u00e1s informaci\u00f3n<\/span><\/a><\/div><\/p><\/div><\/div><!--close column table wrapper. Autoclose: 1 -->\n\n<\/div><\/div><\/div><!-- close content main div --><\/div><\/div><div id='av_section_5'  class='avia-section av-48d654-8254557bf04f6e6c336200ae23debd90 main_color avia-section-small avia-no-border-styling  avia-builder-el-23  el_after_av_section  avia-builder-el-last  avia-bg-style-scroll container_wrap sidebar_right'  ><div class='container av-section-cont-open' ><div class='template-page content  av-content-small alpha units'><div class='post-entry post-entry-type-page post-entry-6120'><div class='entry-content-wrapper clearfix'>\n<div class='flex_column_table av-33cma0-68154350490026694b24a9d8d531d9d3 sc-av_one_half av-equal-height-column-flextable'>\n<style type=\"text\/css\" data-created_by=\"avia_inline_auto\" id=\"style-css-av-33cma0-68154350490026694b24a9d8d531d9d3\">\n.flex_column.av-33cma0-68154350490026694b24a9d8d531d9d3{\nwidth:48%;\nmargin-left:0;\n}\n#top .flex_column_table.av-equal-height-column-flextable.av-33cma0-68154350490026694b24a9d8d531d9d3 .av-flex-placeholder{\nwidth:4%;\n}\n<\/style>\n<div class='flex_column av-33cma0-68154350490026694b24a9d8d531d9d3 av_one_half  avia-builder-el-24  el_before_av_one_half  avia-builder-el-first  first flex_column_table_cell av-equal-height-column av-align-middle'     ><p>\n<style type=\"text\/css\" data-created_by=\"avia_inline_auto\" id=\"style-css-av-ma2sye03-a2e1c3a89296adf5d95b09a80a2b3dd2\">\n#top .av-special-heading.av-ma2sye03-a2e1c3a89296adf5d95b09a80a2b3dd2{\npadding-bottom:10px;\n}\nbody .av-special-heading.av-ma2sye03-a2e1c3a89296adf5d95b09a80a2b3dd2 .av-special-heading-tag .heading-char{\nfont-size:25px;\n}\n.av-special-heading.av-ma2sye03-a2e1c3a89296adf5d95b09a80a2b3dd2 .av-subheading{\nfont-size:15px;\n}\n<\/style>\n<div  class='av-special-heading av-ma2sye03-a2e1c3a89296adf5d95b09a80a2b3dd2 av-special-heading-h3  avia-builder-el-25  el_before_av_textblock  avia-builder-el-first'><h3 class='av-special-heading-tag'  itemprop=\"headline\"  >Dirija sus etiquetas<\/h3><div class=\"special-heading-border\"><div class=\"special-heading-inner-border\"><\/div><\/div><\/div><br \/>\n<section  class='av_textblock_section av-ma2t0unz-ae26c8168d442477a88ade80f918fe33'  itemscope=\"itemscope\" itemtype=\"https:\/\/schema.org\/CreativeWork\" ><div class='avia_textblock'  itemprop=\"text\" ><p>\u00a1Guarda tus etiquetas para ayudar a tu colegio u organizaci\u00f3n sin \u00e1nimo de lucro a ganar dinero! Por cada paquete de 500 c\u00f3digos de barras UPC de Nuestra Familia recogidos, las organizaciones sin \u00e1nimo de lucro participantes pueden ganar $25.<\/p>\n<\/div><\/section><br \/>\n\n<style type=\"text\/css\" data-created_by=\"avia_inline_auto\" id=\"style-css-av-ma2sxn1e-bd110c30195b7edcde307ae8922679a0\">\n#top .hr.hr-invisible.av-ma2sxn1e-bd110c30195b7edcde307ae8922679a0{\nheight:10px;\n}\n<\/style>\n<div  class='hr av-ma2sxn1e-bd110c30195b7edcde307ae8922679a0 hr-invisible  avia-builder-el-27  el_after_av_textblock  el_before_av_button'><span class='hr-inner'><span class=\"hr-inner-style\"><\/span><\/span><\/div><br \/>\n<div  class='avia-button-wrap av-ma2swhyc-39ff8de5169621a2793b57ea417e0357-wrap avia-button-left  avia-builder-el-28  el_after_av_hr  avia-builder-el-last'><a href='https:\/\/ourfamilyfoods.com\/direct-your-labels\/'  class='avia-button av-ma2swhyc-39ff8de5169621a2793b57ea417e0357 avia-icon_select-no avia-size-small avia-position-left avia-color-theme-color'  ><span class='avia_iconbox_title' >M\u00e1s informaci\u00f3n<\/span><\/a><\/div><\/p><\/div><div class='av-flex-placeholder'><\/div>\n<style type=\"text\/css\" data-created_by=\"avia_inline_auto\" id=\"style-css-av-ma2szcjf-9f97979142a252ef52f45703a62374f1\">\n.flex_column.av-ma2szcjf-9f97979142a252ef52f45703a62374f1{\nwidth:48%;\nmargin-left:0;\n}\n#top .flex_column_table.av-equal-height-column-flextable.av-ma2szcjf-9f97979142a252ef52f45703a62374f1 .av-flex-placeholder{\nwidth:4%;\n}\n<\/style>\n<div class='flex_column av-ma2szcjf-9f97979142a252ef52f45703a62374f1 av_one_half  avia-builder-el-29  el_after_av_one_half  avia-builder-el-last  flex_column_table_cell av-equal-height-column av-align-middle'     ><div  class='avia-video av-ma2sxy8q-00b2b1e1ae275595b27c31ba30d26aac avia-video-16-9 av-no-preview-image avia-video-load-always avia-video-html5'  itemprop=\"video\" itemtype=\"https:\/\/schema.org\/VideoObject\"  data-original_url='https:\/\/s44158.pcdn.co\/wp-content\/uploads\/2025\/02\/Direct-Your-Labels-16x9-1.mp4'><video class='avia_video'    preload=\"auto\"  controls id='player_6120_1412231665_2003800618'><source src='https:\/\/s44158.pcdn.co\/wp-content\/uploads\/2025\/02\/Direct-Your-Labels-16x9-1.mp4' type='video\/mp4' \/><\/video><\/div><\/div><\/div><!--close column table wrapper. Autoclose: 1 -->\n<\/div><\/div><\/div><!-- close content main div --><\/div><\/div><div id='after_section_5'  class='main_color av_default_container_wrap container_wrap sidebar_right'  ><div class='container av-section-cont-open' ><div class='template-page content  av-content-small alpha units'><div class='post-entry post-entry-type-page post-entry-6120'><div class='entry-content-wrapper clearfix'>","protected":false},"excerpt":{"rendered":"","protected":false},"author":10,"featured_media":0,"parent":0,"menu_order":0,"comment_status":"closed","ping_status":"closed","template":"","meta":{"footnotes":""},"class_list":["post-6120","page","type-page","status-publish","hentry"],"_links":{"self":[{"href":"https:\/\/www.omahasupermercado.com\/es\/wp-json\/wp\/v2\/pages\/6120","targetHints":{"allow":["GET"]}}],"collection":[{"href":"https:\/\/www.omahasupermercado.com\/es\/wp-json\/wp\/v2\/pages"}],"about":[{"href":"https:\/\/www.omahasupermercado.com\/es\/wp-json\/wp\/v2\/types\/page"}],"author":[{"embeddable":true,"href":"https:\/\/www.omahasupermercado.com\/es\/wp-json\/wp\/v2\/users\/10"}],"replies":[{"embeddable":true,"href":"https:\/\/www.omahasupermercado.com\/es\/wp-json\/wp\/v2\/comments?post=6120"}],"version-history":[{"count":0,"href":"https:\/\/www.omahasupermercado.com\/es\/wp-json\/wp\/v2\/pages\/6120\/revisions"}],"wp:attachment":[{"href":"https:\/\/www.omahasupermercado.com\/es\/wp-json\/wp\/v2\/media?parent=6120"}],"curies":[{"name":"wp","href":"https:\/\/api.w.org\/{rel}","templated":true}]}}