{"id":5989,"date":"2024-01-10T19:38:53","date_gmt":"2024-01-10T19:38:53","guid":{"rendered":"https:\/\/www.omahasupermercado.com\/?page_id=5989"},"modified":"2025-09-11T18:45:45","modified_gmt":"2025-09-11T18:45:45","slug":"community-support","status":"publish","type":"page","link":"https:\/\/www.omahasupermercado.com\/es\/community-support\/","title":{"rendered":"Apoyo comunitario"},"content":{"rendered":"<div class='flex_column av-lw8j9-87fcfec4f38c0da9792d132af6e1a19b av_one_third  avia-builder-el-0  el_before_av_two_third  avia-builder-el-first  first flex_column_div'     ><style type=\"text\/css\" data-created_by=\"avia_inline_auto\" id=\"style-css-av-lr86m3qs-b3a8a39ce81b3c63d709daf36db90303\">\n.avia-image-container.av-lr86m3qs-b3a8a39ce81b3c63d709daf36db90303 img.avia_image{\nbox-shadow:none;\n}\n.avia-image-container.av-lr86m3qs-b3a8a39ce81b3c63d709daf36db90303 .av-image-caption-overlay-center{\ncolor:#ffffff;\n}\n<\/style>\n<div  class='avia-image-container av-lr86m3qs-b3a8a39ce81b3c63d709daf36db90303 av-styling- avia-align-center  avia-builder-el-1  avia-builder-el-no-sibling'   itemprop=\"image\" itemscope=\"itemscope\" itemtype=\"https:\/\/schema.org\/ImageObject\" ><div class=\"avia-image-container-inner\"><div class=\"avia-image-overlay-wrap\"><img decoding=\"async\" class='wp-image-5991 avia-img-lazy-loading-not-5991 avia_image' src=\"https:\/\/www.omahasupermercado.com\/wp-content\/uploads\/2024\/01\/Community-Sponsorships-300x300.png\" alt='Kids having fun' title='Patrocinios comunitarios'  height=\"300\" width=\"300\"  itemprop=\"thumbnailUrl\" srcset=\"https:\/\/www.omahasupermercado.com\/wp-content\/uploads\/2024\/01\/Community-Sponsorships-300x300.png 300w, https:\/\/www.omahasupermercado.com\/wp-content\/uploads\/2024\/01\/Community-Sponsorships-80x80.png 80w, https:\/\/www.omahasupermercado.com\/wp-content\/uploads\/2024\/01\/Community-Sponsorships-36x36.png 36w, https:\/\/www.omahasupermercado.com\/wp-content\/uploads\/2024\/01\/Community-Sponsorships-180x180.png 180w, https:\/\/www.omahasupermercado.com\/wp-content\/uploads\/2024\/01\/Community-Sponsorships-705x705.png 705w, https:\/\/www.omahasupermercado.com\/wp-content\/uploads\/2024\/01\/Community-Sponsorships.png 768w\" sizes=\"(max-width: 300px) 100vw, 300px\" \/><\/div><\/div><\/div><\/div><div class='flex_column av-4aa6lx-63858b0ef4ba0a0353ccdfe93e627eb8 av_two_third  avia-builder-el-2  el_after_av_one_third  el_before_av_one_full  flex_column_div'     ><p>\n<style type=\"text\/css\" data-created_by=\"avia_inline_auto\" id=\"style-css-av-lr86k6z1-3e4e29b5c66097a50a0a65d24e1bdaf8\">\n#top .av-special-heading.av-lr86k6z1-3e4e29b5c66097a50a0a65d24e1bdaf8{\npadding-bottom:10px;\n}\nbody .av-special-heading.av-lr86k6z1-3e4e29b5c66097a50a0a65d24e1bdaf8 .av-special-heading-tag .heading-char{\nfont-size:25px;\n}\n.av-special-heading.av-lr86k6z1-3e4e29b5c66097a50a0a65d24e1bdaf8 .av-subheading{\nfont-size:15px;\n}\n<\/style>\n<div  class='av-special-heading av-lr86k6z1-3e4e29b5c66097a50a0a65d24e1bdaf8 av-special-heading-h1  avia-builder-el-3  el_before_av_textblock  avia-builder-el-first'><h1 class='av-special-heading-tag'  itemprop=\"headline\"  >Patrocinios y actos comunitarios<\/h1><div class=\"special-heading-border\"><div class=\"special-heading-inner-border\"><\/div><\/div><\/div><br \/>\n<section  class='av_textblock_section av-lr86ke0w-5229d4ed13ef989c51452265fb0d9878'  itemscope=\"itemscope\" itemtype=\"https:\/\/schema.org\/CreativeWork\" ><div class='avia_textblock'  itemprop=\"text\" ><h3>Invitamos a todas las organizaciones locales y sin \u00e1nimo de lucro a que se pongan en contacto con nosotros para ofrecernos oportunidades de patrocinio y eventos.<\/h3>\n<\/div><\/section><br \/>\n<section  class='av_textblock_section av-lr86msrc-fcf05e924b2fa144f6c237d0aad3e27e'  itemscope=\"itemscope\" itemtype=\"https:\/\/schema.org\/CreativeWork\" ><div class='avia_textblock'  itemprop=\"text\" ><p>En SpartanNash, estamos orgullosos de ser un miembro activo de nuestras comunidades locales. Creemos en el poder de la colaboraci\u00f3n y en el impacto positivo que puede tener en la vida de los dem\u00e1s. Por eso queremos que sepa que estamos aqu\u00ed, listos para apoyar su misi\u00f3n y marcar juntos la diferencia.<\/p>\n<p>As\u00ed que, si eres de la zona o una organizaci\u00f3n sin \u00e1nimo de lucro que se esfuerza por marcar la diferencia (o conoces alguna que podr\u00eda beneficiarse de nuestro apoyo), no dudes en ponerte en contacto con nosotros. Juntos, podemos influir positivamente en nuestra comunidad y crear un futuro mejor para todos.<\/p>\n<\/div><\/section><\/p><\/div><div class='flex_column av-2vtwt1-92d1b5e1d246a086573a5048afabbd2d av_one_full  avia-builder-el-6  el_after_av_two_third  avia-builder-el-last  first flex_column_div column-top-margin'     ><\/div><\/p>","protected":false},"excerpt":{"rendered":"","protected":false},"author":6,"featured_media":0,"parent":0,"menu_order":0,"comment_status":"closed","ping_status":"closed","template":"","meta":{"footnotes":""},"class_list":["post-5989","page","type-page","status-publish","hentry"],"_links":{"self":[{"href":"https:\/\/www.omahasupermercado.com\/es\/wp-json\/wp\/v2\/pages\/5989","targetHints":{"allow":["GET"]}}],"collection":[{"href":"https:\/\/www.omahasupermercado.com\/es\/wp-json\/wp\/v2\/pages"}],"about":[{"href":"https:\/\/www.omahasupermercado.com\/es\/wp-json\/wp\/v2\/types\/page"}],"author":[{"embeddable":true,"href":"https:\/\/www.omahasupermercado.com\/es\/wp-json\/wp\/v2\/users\/6"}],"replies":[{"embeddable":true,"href":"https:\/\/www.omahasupermercado.com\/es\/wp-json\/wp\/v2\/comments?post=5989"}],"version-history":[{"count":0,"href":"https:\/\/www.omahasupermercado.com\/es\/wp-json\/wp\/v2\/pages\/5989\/revisions"}],"wp:attachment":[{"href":"https:\/\/www.omahasupermercado.com\/es\/wp-json\/wp\/v2\/media?parent=5989"}],"curies":[{"name":"wp","href":"https:\/\/api.w.org\/{rel}","templated":true}]}}