{"id":17,"date":"2019-10-25T18:07:48","date_gmt":"2019-10-25T18:07:48","guid":{"rendered":"http:\/\/www.econofoods.com\/?page_id=17"},"modified":"2020-04-23T19:20:55","modified_gmt":"2020-04-23T19:20:55","slug":"accessibility","status":"publish","type":"page","link":"https:\/\/www.omahasupermercado.com\/es\/accessibility\/","title":{"rendered":"Accesibilidad"},"content":{"rendered":"<section  class='av_textblock_section av-k26g7h9q-c889094b23df6ae394ff628af12dbaa6'  itemscope=\"itemscope\" itemtype=\"https:\/\/schema.org\/CreativeWork\" ><div class='avia_textblock'  itemprop=\"text\" ><h1>Accesibilidad del sitio web<\/h1>\n<p>Fecha de entrada en vigor: 6\/12\/2018 SpartanNash Company se compromete a facilitar la accesibilidad y usabilidad en todas sus propiedades digitales para todas las personas. SpartanNash Company est\u00e1 en proceso de implementar las partes pertinentes de las Pautas de Accesibilidad al Contenido Web 2.0 Nivel AA (WCAG 2.0 AA) del Consorcio World Wide Web como su est\u00e1ndar de accesibilidad web. Nuestros sitios web siguen someti\u00e9ndose a pruebas a intervalos peri\u00f3dicos para revelar los ajustes necesarios a fin de que sean accesibles para todos. Si encuentra un problema de accesibilidad, por favor tome nota de la p\u00e1gina web espec\u00edfica e informe de los detalles a nuestro equipo de Atenci\u00f3n al Consumidor por tel\u00e9fono en el 844-251-3999. <\/p>\n<\/div><\/section>","protected":false},"excerpt":{"rendered":"","protected":false},"author":10,"featured_media":0,"parent":0,"menu_order":0,"comment_status":"closed","ping_status":"closed","template":"","meta":{"footnotes":""},"class_list":["post-17","page","type-page","status-publish","hentry"],"_links":{"self":[{"href":"https:\/\/www.omahasupermercado.com\/es\/wp-json\/wp\/v2\/pages\/17","targetHints":{"allow":["GET"]}}],"collection":[{"href":"https:\/\/www.omahasupermercado.com\/es\/wp-json\/wp\/v2\/pages"}],"about":[{"href":"https:\/\/www.omahasupermercado.com\/es\/wp-json\/wp\/v2\/types\/page"}],"author":[{"embeddable":true,"href":"https:\/\/www.omahasupermercado.com\/es\/wp-json\/wp\/v2\/users\/10"}],"replies":[{"embeddable":true,"href":"https:\/\/www.omahasupermercado.com\/es\/wp-json\/wp\/v2\/comments?post=17"}],"version-history":[{"count":0,"href":"https:\/\/www.omahasupermercado.com\/es\/wp-json\/wp\/v2\/pages\/17\/revisions"}],"wp:attachment":[{"href":"https:\/\/www.omahasupermercado.com\/es\/wp-json\/wp\/v2\/media?parent=17"}],"curies":[{"name":"wp","href":"https:\/\/api.w.org\/{rel}","templated":true}]}}